{"id":6663,"date":"2023-10-13T21:37:07","date_gmt":"2023-10-13T21:37:07","guid":{"rendered":"https:\/\/etssa.edu.ba\/?page_id=6663"},"modified":"2026-03-10T08:26:36","modified_gmt":"2026-03-10T08:26:36","slug":"kontakt","status":"publish","type":"page","link":"https:\/\/etssa.edu.ba\/?page_id=6663","title":{"rendered":"Propisi i drugi akti"},"content":{"rendered":"\r\n<p><strong>Ustav<\/strong><\/p>\r\n<p><a href=\"https:\/\/etssa.edu.ba\/wp-content\/uploads\/2023\/10\/Ustav-Kantona-Sarajevo.pdf\">Ustav-Kantona-Sarajevo<\/a><\/p>\r\n<p><strong>Zakoni<\/strong><\/p>\r\n<p><a href=\"https:\/\/etssa.edu.ba\/wp-content\/uploads\/2023\/10\/Okvirni-Zakon-o-osnovnom-i-srednjem-obrazovanju-u-Bosni-i-Hercegovini.pdf\">Okvirni-Zakon-o-osnovnom-i-srednjem-obrazovanju-u-Bosni-i-Hercegovini<\/a><\/p>\r\n<p><a href=\"https:\/\/etssa.edu.ba\/wp-content\/uploads\/2023\/10\/Zakon-o-srednjem-obrazovanju-Kantona-Sarajevo.pdf\">Zakon-o-srednjem-obrazovanju-Kantona-Sarajevo<\/a><\/p>\r\n<p><a href=\"https:\/\/etssa.edu.ba\/wp-content\/uploads\/2023\/10\/Zakon-o-izmjeni-zakona-o-srednjem-obrazovanju.pdf\">Zakon-o-izmjeni-zakona-o-srednjem-obrazovanju<\/a><\/p>\r\n<p><a href=\"https:\/\/etssa.edu.ba\/wp-content\/uploads\/2023\/10\/ZAKON-O-IZMJENAMA-I-DOPUNAMA-ZAKONA-O-SREDNJEM-OBRAZOVANJU-33-21.pdf\">ZAKON-O-IZMJENAMA-I-DOPUNAMA-ZAKONA-O-SREDNJEM-OBRAZOVANJU-33-21<\/a><\/p>\r\n<p><a href=\"https:\/\/etssa.edu.ba\/wp-content\/uploads\/2023\/10\/Zakon-o-radu-Federacije-BiH.pdf\">Zakon-o-radu-Federacije-BiH<\/a><\/p>\r\n<p><a href=\"https:\/\/etssa.edu.ba\/wp-content\/uploads\/2023\/10\/ZAKON-O-IZMJENAMA-ZAKONA-O-RADU-44-22.pdf\">ZAKON-O-IZMJENAMA-ZAKONA-O-RADU-44-22<\/a><\/p>\r\n<p><a href=\"https:\/\/etssa.edu.ba\/wp-content\/uploads\/2023\/10\/ZAKON-O-IZMJENAMA-I-DOPUNAMA-ZAKONA-O-RADU-89-18.pdf\">ZAKON-O-IZMJENAMA-I-DOPUNAMA-ZAKONA-O-RADU-89-18<\/a><\/p>\r\n<p><a href=\"https:\/\/etssa.edu.ba\/wp-content\/uploads\/2023\/10\/Zakon-o-javnim-nabavkama.pdf\">Zakon-o-javnim-nabavkama<\/a><\/p>\r\n<p><a href=\"https:\/\/etssa.edu.ba\/wp-content\/uploads\/2023\/10\/ZAKON-O-IZMJENAMA-I-DOPUNAMA-ZAKONA-O-JAVNIM-NABAVKAMA-59-22.pdf\">ZAKON-O-IZMJENAMA-I-DOPUNAMA-ZAKONA-O-JAVNIM-NABAVKAMA-59-22<\/a><\/p>\r\n<p class=\"elementor-heading-title elementor-size-default\"><strong>Kolektivni ugovor<\/strong><\/p>\r\n<p><a href=\"https:\/\/etssa.edu.ba\/wp-content\/uploads\/2023\/10\/KOLEKTIVNI-UGOVOR.pdf\">KOLEKTIVNI-UGOVOR<\/a><\/p>\r\n<p class=\"elementor-heading-title elementor-size-default\"><strong>Pravilnici<\/strong><\/p>\r\n<p><a href=\"https:\/\/etssa.edu.ba\/wp-content\/uploads\/2026\/03\/Izmjene-Pravilnika-o-radu.pdf\">Izmjene Pravilnika o radu<\/a><\/p>\r\n<p><a href=\"https:\/\/etssa.edu.ba\/wp-content\/uploads\/2025\/06\/Izmjene-Pravilnika-o-radu-.-od-23.05.2025.-godine_029220f7-0096-4242-9214-7fe204f216531.pdf\">Izmjene Pravilnika o radu &#8230; od 23.05.2025. godine_<\/a><\/p>\r\n<p><a href=\"https:\/\/etssa.edu.ba\/wp-content\/uploads\/2024\/02\/Pravilnik-o-vlastitim-javnim-prihodima-JU-Elektrotehnicke-skole-za-energetiku-Sarajevo.pdf\">Pravilnik o vlastitim javnim prihodima JU Elektrotehni\u010dke \u0161kole za energetiku Sarajevo<\/a><\/p>\r\n<p><a href=\"https:\/\/etssa.edu.ba\/wp-content\/uploads\/2023\/10\/Pedagoski-standardi-i-normativi-za-srednje-obrazovanje-Kantona-Sarajevo.pdf\">Pedago\u0161ki-standardi-i-normativi-za-srednje-obrazovanje-Kantona-Sarajevo<\/a><\/p>\r\n<p><a href=\"https:\/\/etssa.edu.ba\/wp-content\/uploads\/2023\/10\/IZMJENE-PEDAGOSKIH-STANDARDA-I-NORMATIVA-45-20.pdf\">IZMJENE-PEDAGOSKIH-STANDARDA-I-NORMATIVA-45-20<\/a><\/p>\r\n<p><a href=\"https:\/\/etssa.edu.ba\/wp-content\/uploads\/2023\/10\/IZMJENE-PEDAGOSKIH-STANDARDA-I-NORMATIVA-7-21.pdf\">IZMJENE-PEDAGOSKIH-STANDARDA-I-NORMATIVA-7-21<\/a><\/p>\r\n<p><a href=\"https:\/\/etssa.edu.ba\/wp-content\/uploads\/2023\/10\/Pravilnik-o-vodjenju-pedagoske-dokumentacije-i-evidencije-u-srednjoj-skoli-i-domu-ucenika.pdf\">Pravilnik-o-vo\u0111enju-pedago\u0161ke-dokumentacije-i-evidencije-u-srednjoj-\u0161koli-i-domu-u\u010denika<\/a><\/p>\r\n<p><a href=\"https:\/\/etssa.edu.ba\/wp-content\/uploads\/2023\/10\/Pravilnik-o-izmjenama-i-dopunama-pravilnika-o-vodjenju-pedagoske-dokumentacije-i-evidencije-u-srednjoj-skoli-i-domu-ucenika.pdf\">Pravilnik-o-izmjenama-i-dopunama-pravilnika-o-vo\u0111enju-pedago\u0161ke-dokumentacije-i-evidencije-u-srednjoj-\u0161koli-i-domu-u\u010denika<\/a><\/p>\r\n<p><a href=\"https:\/\/etssa.edu.ba\/wp-content\/uploads\/2023\/10\/PRAVILNIK-O-IZMJENAMA-PRAVILNIKA-O-VODENJU-PEDAGOSKE-DOKUMENTACIJE-I-EVIDENCIJE-U-SREDNJOJ-SKOLI-I-DOMU-UCENIKA-25-21.pdf\">PRAVILNIK-O-IZMJENAMA-PRAVILNIKA-O-VODENJU-PEDAGOSKE-DOKUMENTACIJE-I-EVIDENCIJE-U-SREDNJOJ-SKOLI-I-DOMU-UCENIKA-25-21<\/a><\/p>\r\n<p><a href=\"https:\/\/etssa.edu.ba\/wp-content\/uploads\/2023\/10\/Pravilnik-o-pracenju-vrednovanju-i-ocjenjivanju-ucenika-osnovnih-i-srednjih-skola-u-Kantonu-Sarajevo.pdf\">Pravilnik-o-pra\u0107enju-vrednovanju-i-ocjenjivanju-u\u010denika-osnovnih-i-srednjih-\u0161kola-u-Kantonu-Sarajevo<\/a><\/p>\r\n<p><a href=\"https:\/\/etssa.edu.ba\/wp-content\/uploads\/2023\/10\/PRAVILNIK-O-DOPUNI-PRAVILNIKA-O-PRACENJU-VREDNOVANJU-I-OCJENJIVANJU-UCENIKA-OSNOVNIH-I-SREDNJIH-SKOLA-U-KANTONU-SARAJEVO-13-20.pdf\">PRAVILNIK-O-DOPUNI-PRAVILNIKA-O-PRACENJU-VREDNOVANJU-I-OCJENJIVANJU-UCENIKA-OSNOVNIH-I-SREDNJIH-SKOLA-U-KANTONU-SARAJEVO-13-20<\/a><\/p>\r\n<p><a href=\"https:\/\/etssa.edu.ba\/wp-content\/uploads\/2023\/10\/Pravilnik-o-sadrzaju-i-nacinu-polaganja-mature.pdf\">Pravilnik-o-sadr\u017eaju-i-na\u010dinu-polaganja-mature<\/a><\/p>\r\n<p><a href=\"https:\/\/etssa.edu.ba\/wp-content\/uploads\/2023\/10\/PRAVILNIK-O-IZMJENAMA-I-DOPUNAMA-PRAVILNIKA-O-SADRZAJU-I-NACINU-POLAGANJA-MATURE-U-GIMNAZIJI-UCITELJSKOJ-UMJETNICKOJ-TEHNICKOJ-I-SRODNOJ-SKOLI-16-07.pdf\">PRAVILNIK-O-IZMJENAMA-I-DOPUNAMA-PRAVILNIKA-O-SADRZAJU-I-NACINU-POLAGANJA-MATURE-U-GIMNAZIJI-UCITELJSKOJ-UMJETNICKOJ-TEHNICKOJ-I-SRODNOJ-SKOLI-16-07<\/a><\/p>\r\n<p><a href=\"https:\/\/etssa.edu.ba\/wp-content\/uploads\/2023\/10\/PRAVILNIK-O-ORGANIZACIJI-I-REALIZACIJI-IZLETA-STUDIJSKIH-POSJETA-EKSKURZIJA-KAMPOVANJALOGOROVANJA-DRUSTVENOKORISNOG-RADA-SKOLE-U-PRIRODI-15-22.pdf\">PRAVILNIK-O-ORGANIZACIJI-I-REALIZACIJI-IZLETA-STUDIJSKIH-POSJETA-EKSKURZIJA-KAMPOVANJALOGOROVANJA-DRUSTVENOKORISNOG-RADA-SKOLE-U-PRIRODI-15-22<\/a><\/p>\r\n<p><a href=\"https:\/\/etssa.edu.ba\/wp-content\/uploads\/2023\/10\/Pravilnik-o-ishrani-ucenika-u-osnovnim-i-srednjim-skolama-KS.pdf\">Pravilnik-o-ishrani-u\u010denika-u-osnovnim-i-srednjim-\u0161kolama-KS<\/a><\/p>\r\n<p><a href=\"https:\/\/etssa.edu.ba\/wp-content\/uploads\/2023\/10\/Pravilnik-o-inkluzivnom-obrazovanju.pdf\">Pravilnik-o-inkluzivnom-obrazovanju<\/a><\/p>\r\n<p><a href=\"https:\/\/etssa.edu.ba\/wp-content\/uploads\/2023\/10\/PRAVILNIK-S-KRITERIJIMA-ZA-PRIJEM-RADNIKA-U-RADNI-ODNOS-U-SREDNJIM-SKOLAMA-KAO-JAVNIM-USTANOVAMA-NA-PODRUCJU-KANTONA-SARAJEVO.pdf\">PRAVILNIK-S-KRITERIJIMA-ZA-PRIJEM-RADNIKA-U-RADNI-ODNOS-U-SREDNJIM-SKOLAMA-KAO-JAVNIM-USTANOVAMA-NA-PODRUCJU-KANTONA-SARAJEVO<\/a><\/p>\r\n<p><a href=\"https:\/\/etssa.edu.ba\/wp-content\/uploads\/2023\/10\/Pravilnik-o-ocjenjivanju-napredovanju-i-sticanju-strucnih-zvanja-odgajatelja-profesora-nastavnika-i-strucnih-saradnika-u-predskolskim-ustanovama-osnovnim-srednjim-skolama-i-domovima-ucenika.pdf\">Pravilnik-o-ocjenjivanju-napredovanju-i-sticanju-stru\u010dnih-zvanja-odgajatelja-profesora-nastavnika-i-stru\u010dnih-saradnika-u-pred\u0161kolskim-ustanovama-osnovnim-srednjim-\u0161kolama-i-domovima-u\u010denika<\/a><\/p>\r\n<p><a href=\"https:\/\/etssa.edu.ba\/wp-content\/uploads\/2023\/10\/PRAVILNIK-O-IZMJENAMA-PRAVILNIKA-S-KRITERIJIMA-ZA-PRIJEM-RADNIKA-U-RADNI-ODNOS-U-SREDNJIM-SKOLAMA-KAO-JAVNIM-USTANOVAMA-NA-PODRUCJU-KANTONA-SARAJEVO.pdf\">PRAVILNIK-O-IZMJENAMA-PRAVILNIKA-S-KRITERIJIMA-ZA-PRIJEM-RADNIKA-U-RADNI-ODNOS-U-SREDNJIM-SKOLAMA-KAO-JAVNIM-USTANOVAMA-NA-PODRUCJU-KANTONA-SARAJEVO<\/a><\/p>\r\n<p><a href=\"https:\/\/etssa.edu.ba\/wp-content\/uploads\/2023\/10\/PRAVILNIK-S-KRITERIJIMA-ZA-PROGLASENJE-RADNIKA-ZA-CIJIM-RADOM-JE-POTPUNO-ILI-DJELIMICNO-PRESTALA-POTREBA-U-OSNOVNIM-I-SREDNJIM-SKOLAMA-KS.pdf\">PRAVILNIK-S-KRITERIJIMA-ZA-PROGLASENJE-RADNIKA-ZA-CIJIM-RADOM-JE-POTPUNO-ILI-DJELIMICNO-PRESTALA-POTREBA-U-OSNOVNIM-I-SREDNJIM-SKOLAMA-KS<\/a><\/p>\r\n<p><a href=\"https:\/\/etssa.edu.ba\/wp-content\/uploads\/2023\/10\/PRAVILNIK-O-IZBORU-NADLEZNOSTIMA-I-NACINU-RADA-SKOLSKIH-ODBORA-SREDNJIH-SKOLA-KANTONA-SARAJEVO.pdf\">PRAVILNIK-O-IZBORU-NADLEZNOSTIMA-I-NACINU-RADA-SKOLSKIH-ODBORA-SREDNJIH-SKOLA-KANTONA-SARAJEVO<\/a><\/p>\r\n<p><a href=\"https:\/\/etssa.edu.ba\/wp-content\/uploads\/2023\/10\/Pravilnik-o-internoj-evaluaciji-znanja-ucenika-osnovnih-i-srednjih-skola-i-eksternoj-procjeni-znanja-ucenika-osnovnih-skola-Kantona-Sarajevo.pdf\">Pravilnik-o-internoj-evaluaciji-znanja-u\u010denika-osnovnih-i-srednjih-\u0161kola-i-eksternoj-procjeni-znanja-u\u010denika-osnovnih-\u0161kola-Kantona-Sarajevo<\/a><\/p>\r\n<p><a href=\"https:\/\/etssa.edu.ba\/wp-content\/uploads\/2023\/10\/PRAVILNIK-O-IZMJENI-PRAVILNIKA-O-INTERNOJ-EVALUACIJI-ZNANJA-UCENIKA-OSNOVNIH-I-SREDNJIH-SKOLA-U-KANTONU-SARAJEVO-17-18.pdf\">PRAVILNIK-O-IZMJENI-PRAVILNIKA-O-INTERNOJ-EVALUACIJI-ZNANJA-UCENIKA-OSNOVNIH-I-SREDNJIH-SKOLA-U-KANTONU-SARAJEVO-17-18<\/a><\/p>\r\n<p><a href=\"https:\/\/etssa.edu.ba\/wp-content\/uploads\/2023\/10\/PRAVILNIK-O-NOPRAVDANOM-IZOSTAJANJU-SA-NASTAVE.pdf\">PRAVILNIK-O-NOPRAVDANOM-IZOSTAJANJU-SA-NASTAVE<\/a><\/p>\r\n<p class=\"elementor-heading-title elementor-size-default\"><strong>\u0160kolski akti<\/strong><\/p>\r\n<p><a href=\"https:\/\/etssa.edu.ba\/wp-content\/uploads\/2025\/12\/Izmjene-Pravila_75fab2dc-f1d3-4412-ad52-4bca374a4b9f.pdf\">Izmjene Pravila<\/a><\/p>\r\n<p><a href=\"https:\/\/etssa.edu.ba\/wp-content\/uploads\/2025\/10\/Pravila-skole-31-07-2025-1.pdf\">Pravila \u0161kole 31 07 2025<\/a><\/p>\r\n<p><a href=\"https:\/\/etssa.edu.ba\/wp-content\/uploads\/2025\/10\/Izmjene-i-dopune-Pravilnika-o-radu-15-09-2025-1.pdf\">Izmjene i dopune Pravilnika o radu 15 09 2025<\/a><\/p>\r\n<p><a href=\"https:\/\/etssa.edu.ba\/wp-content\/uploads\/2025\/04\/UTF-8Izmjene-i-dopune-Pravilnika-o-radu-na-osnovu-misljenja-sindiaklnog-povjerenika-kopija.pdf\">Izmjene i dopune Pravilnika o radu <\/a><\/p>\r\n<p><a href=\"https:\/\/etssa.edu.ba\/wp-content\/uploads\/2023\/10\/PRAVILA-SKOLE.pdf\">PRAVILA \u0160KOLE<\/a><\/p>\r\n<p><a href=\"https:\/\/etssa.edu.ba\/wp-content\/uploads\/2023\/10\/Pravilnik-o-radu-i-sistematizaciji-radnih-mjesta.pdf\">Pravilnik o radu i sistematizaciji radnih mjesta<\/a><\/p>\r\n<p><a href=\"https:\/\/etssa.edu.ba\/wp-content\/uploads\/2025\/11\/Odluka-o-videonadzoru.pdf\">Odluka o videonadzoru<\/a><\/p>\r\n<p><a href=\"https:\/\/etssa.edu.ba\/wp-content\/uploads\/2023\/10\/ETICKI-KODEKS.pdf\">ETI\u010cKI KODEKS<\/a><\/p>\r\n<p><a href=\"https:\/\/etssa.edu.ba\/wp-content\/uploads\/2023\/10\/KUCNI-RED.pdf\">KU\u0106NI RED<\/a><\/p>\r\n<p><a href=\"https:\/\/etssa.edu.ba\/wp-content\/uploads\/2023\/10\/Pravilnik-o-internom-prijavljivanju-korupcije-JU-Elektrotehnicka-skola-za-energetiku-Sarajevo.pdf\">Pravilnik o internom prijavljivanju korupcije JU Elektrotehni\u010dka \u0161kola za energetiku Sarajevo<\/a><\/p>\r\n<p><a href=\"https:\/\/etssa.edu.ba\/wp-content\/uploads\/2023\/10\/Pravilnik-o-zastiti-na-radu.pdf\">Pravilnik o za\u0161titi na radu<\/a><\/p>\r\n<p><a href=\"https:\/\/etssa.edu.ba\/wp-content\/uploads\/2023\/10\/Plan-integriteta-Elektrotehnicka-skola-za-energetiku-korekcije-14.09.2023.pdf\">Plan integriteta -Elektrotehni\u010dka \u0161kola za energetiku<\/a><\/p>\r\n<p class=\"elementor-heading-title elementor-size-default\"><strong>Ostali propisi<\/strong><\/p>\r\n<p><a href=\"https:\/\/mo.ks.gov.ba\/propisi\">Ostali propisi<\/a><\/p>\r\n<p>&nbsp;<\/p>\r\n\r\n\r\n\r\n<p class=\"wp-block-pdfemb-pdf-embedder-viewer\">\u00a0<\/p>\r\n\r\n\r\n\r\n<p class=\"wp-block-pdfemb-pdf-embedder-viewer\">\u00a0<\/p>\r\n\r\n\r\n\r\n<p class=\"wp-block-pdfemb-pdf-embedder-viewer\">\u00a0<\/p>\r\n","protected":false},"excerpt":{"rendered":"<p>Ustav Ustav-Kantona-Sarajevo Zakoni Okvirni-Zakon-o-osnovnom-i-srednjem-obrazovanju-u-Bosni-i-Hercegovini Zakon-o-srednjem-obrazovanju-Kantona-Sarajevo Zakon-o-izmjeni-zakona-o-srednjem-obrazovanju ZAKON-O-IZMJENAMA-I-DOPUNAMA-ZAKONA-O-SREDNJEM-OBRAZOVANJU-33-21 Zakon-o-radu-Federacije-BiH ZAKON-O-IZMJENAMA-ZAKONA-O-RADU-44-22 ZAKON-O-IZMJENAMA-I-DOPUNAMA-ZAKONA-O-RADU-89-18 Zakon-o-javnim-nabavkama ZAKON-O-IZMJENAMA-I-DOPUNAMA-ZAKONA-O-JAVNIM-NABAVKAMA-59-22 Kolektivni ugovor KOLEKTIVNI-UGOVOR Pravilnici Izmjene Pravilnika o radu Izmjene Pravilnika o radu &#8230; od 23.05.2025. godine_ Pravilnik o vlastitim javnim prihodima JU Elektrotehni\u010dke \u0161kole za energetiku Sarajevo Pedago\u0161ki-standardi-i-normativi-za-srednje-obrazovanje-Kantona-Sarajevo IZMJENE-PEDAGOSKIH-STANDARDA-I-NORMATIVA-45-20 IZMJENE-PEDAGOSKIH-STANDARDA-I-NORMATIVA-7-21 Pravilnik-o-vo\u0111enju-pedago\u0161ke-dokumentacije-i-evidencije-u-srednjoj-\u0161koli-i-domu-u\u010denika Pravilnik-o-izmjenama-i-dopunama-pravilnika-o-vo\u0111enju-pedago\u0161ke-dokumentacije-i-evidencije-u-srednjoj-\u0161koli-i-domu-u\u010denika PRAVILNIK-O-IZMJENAMA-PRAVILNIKA-O-VODENJU-PEDAGOSKE-DOKUMENTACIJE-I-EVIDENCIJE-U-SREDNJOJ-SKOLI-I-DOMU-UCENIKA-25-21 Pravilnik-o-pra\u0107enju-vrednovanju-i-ocjenjivanju-u\u010denika-osnovnih-i-srednjih-\u0161kola-u-Kantonu-Sarajevo PRAVILNIK-O-DOPUNI-PRAVILNIKA-O-PRACENJU-VREDNOVANJU-I-OCJENJIVANJU-UCENIKA-OSNOVNIH-I-SREDNJIH-SKOLA-U-KANTONU-SARAJEVO-13-20 Pravilnik-o-sadr\u017eaju-i-na\u010dinu-polaganja-mature PRAVILNIK-O-IZMJENAMA-I-DOPUNAMA-PRAVILNIKA-O-SADRZAJU-I-NACINU-POLAGANJA-MATURE-U-GIMNAZIJI-UCITELJSKOJ-UMJETNICKOJ-TEHNICKOJ-I-SRODNOJ-SKOLI-16-07 PRAVILNIK-O-ORGANIZACIJI-I-REALIZACIJI-IZLETA-STUDIJSKIH-POSJETA-EKSKURZIJA-KAMPOVANJALOGOROVANJA-DRUSTVENOKORISNOG-RADA-SKOLE-U-PRIRODI-15-22 Pravilnik-o-ishrani-u\u010denika-u-osnovnim-i-srednjim-\u0161kolama-KS Pravilnik-o-inkluzivnom-obrazovanju PRAVILNIK-S-KRITERIJIMA-ZA-PRIJEM-RADNIKA-U-RADNI-ODNOS-U-SREDNJIM-SKOLAMA-KAO-JAVNIM-USTANOVAMA-NA-PODRUCJU-KANTONA-SARAJEVO Pravilnik-o-ocjenjivanju-napredovanju-i-sticanju-stru\u010dnih-zvanja-odgajatelja-profesora-nastavnika-i-stru\u010dnih-saradnika-u-pred\u0161kolskim-ustanovama-osnovnim-srednjim-\u0161kolama-i-domovima-u\u010denika PRAVILNIK-O-IZMJENAMA-PRAVILNIKA-S-KRITERIJIMA-ZA-PRIJEM-RADNIKA-U-RADNI-ODNOS-U-SREDNJIM-SKOLAMA-KAO-JAVNIM-USTANOVAMA-NA-PODRUCJU-KANTONA-SARAJEVO &hellip; <\/p>\n<p class=\"link-more\"><a href=\"https:\/\/etssa.edu.ba\/?page_id=6663\" class=\"more-link\">Read more<span class=\"screen-reader-text\"> &#8220;Propisi i drugi akti&#8221;<\/span><\/a><\/p>\n","protected":false},"author":1,"featured_media":0,"parent":0,"menu_order":0,"comment_status":"closed","ping_status":"closed","template":"","meta":{"footnotes":""},"_links":{"self":[{"href":"https:\/\/etssa.edu.ba\/index.php?rest_route=\/wp\/v2\/pages\/6663"}],"collection":[{"href":"https:\/\/etssa.edu.ba\/index.php?rest_route=\/wp\/v2\/pages"}],"about":[{"href":"https:\/\/etssa.edu.ba\/index.php?rest_route=\/wp\/v2\/types\/page"}],"author":[{"embeddable":true,"href":"https:\/\/etssa.edu.ba\/index.php?rest_route=\/wp\/v2\/users\/1"}],"replies":[{"embeddable":true,"href":"https:\/\/etssa.edu.ba\/index.php?rest_route=%2Fwp%2Fv2%2Fcomments&post=6663"}],"version-history":[{"count":35,"href":"https:\/\/etssa.edu.ba\/index.php?rest_route=\/wp\/v2\/pages\/6663\/revisions"}],"predecessor-version":[{"id":7338,"href":"https:\/\/etssa.edu.ba\/index.php?rest_route=\/wp\/v2\/pages\/6663\/revisions\/7338"}],"wp:attachment":[{"href":"https:\/\/etssa.edu.ba\/index.php?rest_route=%2Fwp%2Fv2%2Fmedia&parent=6663"}],"curies":[{"name":"wp","href":"https:\/\/api.w.org\/{rel}","templated":true}]}}