{"id":6670,"date":"2023-10-13T21:42:20","date_gmt":"2023-10-13T21:42:20","guid":{"rendered":"https:\/\/etssa.edu.ba\/?page_id=6670"},"modified":"2023-10-23T08:07:41","modified_gmt":"2023-10-23T08:07:41","slug":"historijat-skole","status":"publish","type":"page","link":"https:\/\/etssa.edu.ba\/?page_id=6670","title":{"rendered":"HISTORIJAT \u0160KOLE"},"content":{"rendered":"\n<p><strong>Kratak historijat Elektrotehni\u010dke \u0161kole za energetiku<\/strong><\/p>\n\n\n\n<p>Prva \u0161kolska zgrada izgra\u0111ena je 1948.g. i nalazila se&nbsp; na Grbavici u barakama. 1962.godine \u0161kola pod nazivom Elektrotehni\u010dki \u0161kolski centar\u201cJaroslav \u010cerni\u201c seli&nbsp; u novu zgradu u kojoj se i danas nalazi, u op\u0107ini Novo Sarajevo.<\/p>\n\n\n\n<p>U ovoj \u0161koli obrazuju se kadrovi za elektroprivredu i elektrodistribuciju:<\/p>\n\n\n\n<ol type=\"1\">\n<li>Elektrotehni\u010dar energetike<\/li>\n\n\n\n<li>Elektromehani\u010dar<\/li>\n\n\n\n<li>Elektroenergeti\u010dar<\/li>\n\n\n\n<li>Elektroinstalater<\/li>\n<\/ol>\n\n\n\n<p>Do izbijanja rata \u0161kola je imala oko 1400 u\u010denika koji su u 36 odjeljenja radili sa devedeset profesora.<\/p>\n\n\n\n<p>1992. godine \u0161kola dobija novi naziv Mje\u0161ovita srednja \u0161kola za elektroenergetiku. Tokom rata nastava se nije prekidala i odvijala se u vrlo te\u0161kim uvjetima. Obzirom da se zgrada nalazila na liniji razgrani\u010denja, nastava se morala odvijati u posebno organizovanim punktovima u sigurnijim dijelovima grada. \u010cesto se i tu nastava izvodila u podrumskim prostorijama, a da bi poha\u0111ali &nbsp;nastavu, profesori i u\u010denici su svakodnevno &nbsp;morali izbje\u0107i nekoliko snajperskih ta\u010daka, kao i brojna granatiranja.<\/p>\n\n\n\n<p>U \u0161kolskoj 1994\/1995. godini profesori i u\u010denici vra\u0107aju se u veoma o\u0161te\u0107enu \u0161kolsku zgradu.<\/p>\n\n\n\n<p>Tokom 1996. godine uz pomo\u0107 i velike napore zaposlenih i dobronamjernih radnih organizacija \u0161kola se obnavlja. U obnovi s jednakim entuzijazmom u\u010destvuju i profesori i u\u010denici, te daju \u0161koli novi poslijeratni izgled. Bitno je napomenuti da za obnovu tada nije primljena niti jedna nov\u010dana donacija.<\/p>\n\n\n\n<p>Kona\u010dno, 11.2.1997. godine, na veliku radost i zadovoljstvo u\u010denika i profesora, \u0161kola po\u010dinje da radi u obnovljenom objektu. Zbog toga se 11. februar slavi kao Dan \u0161kole.<\/p>\n\n\n\n<p>2009.godine \u0161kola dobija novi naziv Elektrotehni\u010dka \u0161kola za energetiku.<\/p>\n\n\n\n<p>Rekonstrukcija \u0161kole koja&nbsp; je zapo\u010dela 1996. godine <strong>traje i danas<\/strong>, gdje nastojimo stvoriti \u0161to kvalitetniji i ugodniji ambijent za na\u0161e u\u010denike.<\/p>\n\n\n\n<p><\/p>\n","protected":false},"excerpt":{"rendered":"<p>Kratak historijat Elektrotehni\u010dke \u0161kole za energetiku Prva \u0161kolska zgrada izgra\u0111ena je 1948.g. i nalazila se&nbsp; na Grbavici u barakama. 1962.godine \u0161kola pod nazivom Elektrotehni\u010dki \u0161kolski centar\u201cJaroslav \u010cerni\u201c seli&nbsp; u novu zgradu u kojoj se i danas nalazi, u op\u0107ini Novo Sarajevo. U ovoj \u0161koli obrazuju se kadrovi za elektroprivredu i elektrodistribuciju: Do izbijanja rata \u0161kola &hellip; <\/p>\n<p class=\"link-more\"><a href=\"https:\/\/etssa.edu.ba\/?page_id=6670\" class=\"more-link\">Read more<span class=\"screen-reader-text\"> &#8220;HISTORIJAT \u0160KOLE&#8221;<\/span><\/a><\/p>\n","protected":false},"author":1,"featured_media":0,"parent":0,"menu_order":0,"comment_status":"closed","ping_status":"closed","template":"","meta":{"footnotes":""},"_links":{"self":[{"href":"https:\/\/etssa.edu.ba\/index.php?rest_route=\/wp\/v2\/pages\/6670"}],"collection":[{"href":"https:\/\/etssa.edu.ba\/index.php?rest_route=\/wp\/v2\/pages"}],"about":[{"href":"https:\/\/etssa.edu.ba\/index.php?rest_route=\/wp\/v2\/types\/page"}],"author":[{"embeddable":true,"href":"https:\/\/etssa.edu.ba\/index.php?rest_route=\/wp\/v2\/users\/1"}],"replies":[{"embeddable":true,"href":"https:\/\/etssa.edu.ba\/index.php?rest_route=%2Fwp%2Fv2%2Fcomments&post=6670"}],"version-history":[{"count":5,"href":"https:\/\/etssa.edu.ba\/index.php?rest_route=\/wp\/v2\/pages\/6670\/revisions"}],"predecessor-version":[{"id":6724,"href":"https:\/\/etssa.edu.ba\/index.php?rest_route=\/wp\/v2\/pages\/6670\/revisions\/6724"}],"wp:attachment":[{"href":"https:\/\/etssa.edu.ba\/index.php?rest_route=%2Fwp%2Fv2%2Fmedia&parent=6670"}],"curies":[{"name":"wp","href":"https:\/\/api.w.org\/{rel}","templated":true}]}}