{"id":6681,"date":"2023-10-13T21:49:33","date_gmt":"2023-10-13T21:49:33","guid":{"rendered":"https:\/\/etssa.edu.ba\/?page_id=6681"},"modified":"2025-01-06T09:20:08","modified_gmt":"2025-01-06T09:20:08","slug":"vijece-roditelja-2023-2024","status":"publish","type":"page","link":"https:\/\/etssa.edu.ba\/?page_id=6681","title":{"rendered":"VIJE\u0106E RODITELJA 2024\/2025"},"content":{"rendered":"<table width=\"375\">\n<tbody>\n<tr>\n<td rowspan=\"2\" width=\"115\"><strong>Razred<\/strong><\/td>\n<td rowspan=\"2\" width=\"254\"><strong>Ime i prezime roditelja<\/strong><\/td>\n<td width=\"0\"><\/td>\n<\/tr>\n<tr>\n<td width=\"0\"><\/td>\n<\/tr>\n<tr>\n<td width=\"115\"><strong>I -1<\/strong><\/td>\n<td width=\"254\"><strong>Ibrahim Agi\u0107<\/strong><\/td>\n<td width=\"0\"><\/td>\n<\/tr>\n<tr>\n<td width=\"115\"><strong>\u00a0<\/strong><\/td>\n<td width=\"254\"><strong>Sanela Kadri\u0107<\/strong><\/td>\n<td width=\"0\"><\/td>\n<\/tr>\n<tr>\n<td width=\"115\"><strong>I -2<\/strong><\/td>\n<td width=\"254\"><strong>Janjo\u0161 Haris<\/strong><\/td>\n<td width=\"0\"><\/td>\n<\/tr>\n<tr>\n<td width=\"115\"><strong>I -3<\/strong><\/td>\n<td width=\"254\"><strong>Elvir Had\u017eijamakovi\u0107<\/strong><\/td>\n<td width=\"0\"><\/td>\n<\/tr>\n<tr>\n<td width=\"115\"><strong>\u00a0<\/strong><\/td>\n<td width=\"254\"><strong>Tamara Paland\u017ei\u0107<\/strong><\/td>\n<td width=\"0\"><\/td>\n<\/tr>\n<tr>\n<td width=\"115\"><strong>I -4<\/strong><\/td>\n<td width=\"254\"><strong>Sanela Luli\u0107<\/strong><\/td>\n<td width=\"0\"><\/td>\n<\/tr>\n<tr>\n<td width=\"115\"><strong>\u00a0<\/strong><\/td>\n<td width=\"254\"><strong>Lejla Hamza<\/strong><\/td>\n<td width=\"0\"><\/td>\n<\/tr>\n<tr>\n<td width=\"115\"><strong>I -5<\/strong><\/td>\n<td width=\"254\"><strong>Kenan Bajraktarevi\u0107<\/strong><\/td>\n<td width=\"0\"><\/td>\n<\/tr>\n<tr>\n<td width=\"115\"><strong>I-6<\/strong><\/td>\n<td width=\"254\"><strong>He\u0107o Nijaz<\/strong><\/td>\n<td width=\"0\"><\/td>\n<\/tr>\n<tr>\n<td width=\"115\"><strong>I-7<\/strong><\/td>\n<td width=\"254\"><strong>He\u0107o Arijana<\/strong><\/td>\n<td width=\"0\"><\/td>\n<\/tr>\n<tr>\n<td width=\"115\"><strong>\u00a0<\/strong><\/td>\n<td width=\"254\"><strong>D\u017eemila Aganovi\u0107<\/strong><\/td>\n<td width=\"0\"><\/td>\n<\/tr>\n<tr>\n<td width=\"115\"><strong>II-1<\/strong><\/td>\n<td width=\"254\"><strong>Kapa Elma<\/strong><\/td>\n<td width=\"0\"><\/td>\n<\/tr>\n<tr>\n<td width=\"115\"><strong>\u00a0<\/strong><\/td>\n<td width=\"254\"><strong>Spahovi\u0107 Naser<\/strong><\/td>\n<td width=\"0\"><\/td>\n<\/tr>\n<tr>\n<td width=\"115\"><strong>II-2<\/strong><\/td>\n<td width=\"254\"><strong>Kova\u010d Danisa<\/strong><\/td>\n<td width=\"0\"><\/td>\n<\/tr>\n<tr>\n<td width=\"115\"><strong>\u00a0<\/strong><\/td>\n<td width=\"254\"><strong>\u0160abanovi\u0107 Mensura<\/strong><\/td>\n<td width=\"0\"><\/td>\n<\/tr>\n<tr>\n<td width=\"115\"><strong>II-3<\/strong><\/td>\n<td width=\"254\"><strong>Lejla \u0160abanovi\u0107<\/strong><\/td>\n<td width=\"0\"><\/td>\n<\/tr>\n<tr>\n<td width=\"115\"><strong>\u00a0<\/strong><\/td>\n<td width=\"254\"><strong>Vanja \u010cobo<\/strong><\/td>\n<td width=\"0\"><\/td>\n<\/tr>\n<tr>\n<td width=\"115\"><strong>II-4<\/strong><\/td>\n<td width=\"254\"><strong>Selma Bajraktarevi\u0107<\/strong><\/td>\n<td width=\"0\"><\/td>\n<\/tr>\n<tr>\n<td width=\"115\"><strong>\u00a0<\/strong><\/td>\n<td width=\"254\"><strong>Nermina Halilovi\u0107<\/strong><\/td>\n<td width=\"0\"><\/td>\n<\/tr>\n<tr>\n<td width=\"115\"><strong>II-5<\/strong><\/td>\n<td width=\"254\"><strong>Merima Salkanovi\u0107<\/strong><\/td>\n<td width=\"0\"><\/td>\n<\/tr>\n<tr>\n<td width=\"115\"><strong>II-6<\/strong><\/td>\n<td width=\"254\"><strong>Sanja Papo-Kuli\u0107<\/strong><\/td>\n<td width=\"0\"><\/td>\n<\/tr>\n<tr>\n<td width=\"115\"><strong>\u00a0<\/strong><\/td>\n<td width=\"254\"><strong>Lokvan\u010di\u0107 Mirza<\/strong><\/td>\n<td width=\"0\"><\/td>\n<\/tr>\n<tr>\n<td width=\"115\"><strong>III-1<\/strong><\/td>\n<td width=\"254\"><strong>Edmira A\u0161\u010di\u0107<\/strong><\/td>\n<td width=\"0\"><\/td>\n<\/tr>\n<tr>\n<td width=\"115\"><strong>\u00a0<\/strong><\/td>\n<td width=\"254\"><strong>Almedina \u010covrk<\/strong><\/td>\n<td width=\"0\"><\/td>\n<\/tr>\n<tr>\n<td width=\"115\"><strong>III-2<\/strong><\/td>\n<td width=\"254\"><strong>Plav\u010di\u0107 Emira<\/strong><\/td>\n<td width=\"0\"><\/td>\n<\/tr>\n<tr>\n<td width=\"115\"><strong>III-3<\/strong><\/td>\n<td width=\"254\"><strong>Be\u0107irovi\u0107 Adisa<\/strong><\/td>\n<td width=\"0\"><\/td>\n<\/tr>\n<tr>\n<td width=\"115\"><strong>III-4<\/strong><\/td>\n<td width=\"254\"><strong>Vejsil Palalija<\/strong><\/td>\n<td width=\"0\"><\/td>\n<\/tr>\n<tr>\n<td width=\"115\"><strong>\u00a0<\/strong><\/td>\n<td width=\"254\"><strong>Samira Imamovi\u0107<\/strong><\/td>\n<td width=\"0\"><\/td>\n<\/tr>\n<tr>\n<td width=\"115\"><strong>III-5<\/strong><\/td>\n<td width=\"254\"><strong>Mirela \u010colo<\/strong><\/td>\n<td width=\"0\"><\/td>\n<\/tr>\n<tr>\n<td width=\"115\"><strong>\u00a0<\/strong><\/td>\n<td width=\"254\"><strong>Senita Belago\u0161i Smejkan<\/strong><\/td>\n<td width=\"0\"><\/td>\n<\/tr>\n<tr>\n<td width=\"115\"><strong>III-6<\/strong><\/td>\n<td width=\"254\"><strong>\u0160kamo Fatima<\/strong><\/td>\n<td width=\"0\"><\/td>\n<\/tr>\n<tr>\n<td width=\"115\"><strong>IV-1<\/strong><\/td>\n<td width=\"254\"><strong>Drinjak Duratbegovi\u0107 Fatima<\/strong><\/td>\n<td width=\"0\"><\/td>\n<\/tr>\n<tr>\n<td width=\"115\"><strong>\u00a0<\/strong><\/td>\n<td width=\"254\"><strong>Uzunovi\u0107 Nad\u017ea<\/strong><\/td>\n<td width=\"0\"><\/td>\n<\/tr>\n<tr>\n<td width=\"115\"><strong>IV-2<\/strong><\/td>\n<td width=\"254\"><strong>Mahmutovi\u0107 Armin<\/strong><\/td>\n<td width=\"0\"><\/td>\n<\/tr>\n<tr>\n<td width=\"115\"><strong>\u00a0<\/strong><\/td>\n<td width=\"254\"><strong>Musi\u0107 Sabina<\/strong><\/td>\n<td width=\"0\"><\/td>\n<\/tr>\n<tr>\n<td width=\"115\"><strong>IV-3<\/strong><\/td>\n<td width=\"254\"><strong>Kumro Azra<\/strong><\/td>\n<td width=\"0\"><\/td>\n<\/tr>\n<tr>\n<td width=\"115\"><strong>\u00a0<\/strong><\/td>\n<td width=\"254\"><strong>Torlak Adila<\/strong><\/td>\n<td width=\"0\"><\/td>\n<\/tr>\n<tr>\n<td width=\"115\"><strong>IV-4<\/strong><\/td>\n<td width=\"254\"><strong>Jasmina Salman<\/strong><\/td>\n<td width=\"0\"><\/td>\n<\/tr>\n<tr>\n<td width=\"115\"><strong>\u00a0<\/strong><\/td>\n<td width=\"254\"><strong>Vahida Zolj<\/strong><\/td>\n<td width=\"0\"><\/td>\n<\/tr>\n<\/tbody>\n<\/table>\n","protected":false},"excerpt":{"rendered":"<p>Razred Ime i prezime roditelja I -1 Ibrahim Agi\u0107 \u00a0 Sanela Kadri\u0107 I -2 Janjo\u0161 Haris I -3 Elvir Had\u017eijamakovi\u0107 \u00a0 Tamara Paland\u017ei\u0107 I -4 Sanela Luli\u0107 \u00a0 Lejla Hamza I -5 Kenan Bajraktarevi\u0107 I-6 He\u0107o Nijaz I-7 He\u0107o Arijana \u00a0 D\u017eemila Aganovi\u0107 II-1 Kapa Elma \u00a0 Spahovi\u0107 Naser II-2 Kova\u010d Danisa \u00a0 \u0160abanovi\u0107 Mensura &hellip; <\/p>\n<p class=\"link-more\"><a href=\"https:\/\/etssa.edu.ba\/?page_id=6681\" class=\"more-link\">Read more<span class=\"screen-reader-text\"> &#8220;VIJE\u0106E RODITELJA 2024\/2025&#8221;<\/span><\/a><\/p>\n","protected":false},"author":1,"featured_media":0,"parent":0,"menu_order":0,"comment_status":"closed","ping_status":"closed","template":"","meta":{"footnotes":""},"_links":{"self":[{"href":"https:\/\/etssa.edu.ba\/index.php?rest_route=\/wp\/v2\/pages\/6681"}],"collection":[{"href":"https:\/\/etssa.edu.ba\/index.php?rest_route=\/wp\/v2\/pages"}],"about":[{"href":"https:\/\/etssa.edu.ba\/index.php?rest_route=\/wp\/v2\/types\/page"}],"author":[{"embeddable":true,"href":"https:\/\/etssa.edu.ba\/index.php?rest_route=\/wp\/v2\/users\/1"}],"replies":[{"embeddable":true,"href":"https:\/\/etssa.edu.ba\/index.php?rest_route=%2Fwp%2Fv2%2Fcomments&post=6681"}],"version-history":[{"count":8,"href":"https:\/\/etssa.edu.ba\/index.php?rest_route=\/wp\/v2\/pages\/6681\/revisions"}],"predecessor-version":[{"id":7109,"href":"https:\/\/etssa.edu.ba\/index.php?rest_route=\/wp\/v2\/pages\/6681\/revisions\/7109"}],"wp:attachment":[{"href":"https:\/\/etssa.edu.ba\/index.php?rest_route=%2Fwp%2Fv2%2Fmedia&parent=6681"}],"curies":[{"name":"wp","href":"https:\/\/api.w.org\/{rel}","templated":true}]}}