{"id":6858,"date":"2023-11-01T12:42:48","date_gmt":"2023-11-01T12:42:48","guid":{"rendered":"https:\/\/etssa.edu.ba\/?page_id=6858"},"modified":"2026-02-04T12:47:18","modified_gmt":"2026-02-04T12:47:18","slug":"odluke","status":"publish","type":"page","link":"https:\/\/etssa.edu.ba\/?page_id=6858","title":{"rendered":"ODLUKE"},"content":{"rendered":"<p style=\"text-align: center;\"><a href=\"https:\/\/etssa.edu.ba\/wp-content\/uploads\/2026\/02\/Odluka-o-pokretanju-postupka-JN-distribucija-gasa.pdf\"><strong>Odluka o pokretanju postupka JN &#8211; distribucija gasa<\/strong><\/a><\/p>\n<p style=\"text-align: center;\"><a href=\"https:\/\/etssa.edu.ba\/wp-content\/uploads\/2026\/02\/Odluka-o-pokretanju-postupka-JN-elektricna-energija.pdf\"><strong>Odluka o pokretanju postupka JN &#8211; elektri\u010dna energija<\/strong><\/a><\/p>\n<p style=\"text-align: center;\"><a href=\"https:\/\/etssa.edu.ba\/wp-content\/uploads\/2025\/06\/Odlika-o-ponistenju-postupka-javne-nabavke-elektricne-energije.pdf\"><strong>Odlika o poni\u0161tenju postupka javne nabavke elektri\u010dne energije<\/strong><\/a><\/p>\n<p style=\"text-align: center;\"><a href=\"https:\/\/etssa.edu.ba\/wp-content\/uploads\/2025\/06\/Odluka-o-izboru-ponudjaca-za-uslugu-distribucije-prirodnog-gasa.pdf\"><strong>Odluka o izboru ponu\u0111a\u010da za uslugu distribucije prirodnog gasa<\/strong><\/a><\/p>\n<p style=\"text-align: center;\"><strong><a href=\"https:\/\/etssa.edu.ba\/wp-content\/uploads\/2025\/05\/Odluka-o-izboru-ponudjaca-za-sistematski-pregled-radnika_f08c518e-e622-479a-b400-9c8aab5539ee1.pdf\">Odluka o izboru ponu\u0111a\u010da za sistematski pregled radnika<\/a><\/strong><\/p>\n<p style=\"text-align: center;\"><a href=\"https:\/\/etssa.edu.ba\/wp-content\/uploads\/2024\/06\/Odluka-o-izboru-najpovoljnijeg-ponudjaca-sistematski-pregled-2024.pdf\"><strong>Odluka o izboru najpovoljnijeg ponu\u0111a\u010da &#8211; sistematski pregled 2024<\/strong><\/a><\/p>\n","protected":false},"excerpt":{"rendered":"<p>Odluka o pokretanju postupka JN &#8211; distribucija gasa Odluka o pokretanju postupka JN &#8211; elektri\u010dna energija Odlika o poni\u0161tenju postupka javne nabavke elektri\u010dne energije Odluka o izboru ponu\u0111a\u010da za uslugu distribucije prirodnog gasa Odluka o izboru ponu\u0111a\u010da za sistematski pregled radnika Odluka o izboru najpovoljnijeg ponu\u0111a\u010da &#8211; sistematski pregled 2024<\/p>\n","protected":false},"author":1,"featured_media":0,"parent":0,"menu_order":0,"comment_status":"closed","ping_status":"closed","template":"","meta":{"footnotes":""},"_links":{"self":[{"href":"https:\/\/etssa.edu.ba\/index.php?rest_route=\/wp\/v2\/pages\/6858"}],"collection":[{"href":"https:\/\/etssa.edu.ba\/index.php?rest_route=\/wp\/v2\/pages"}],"about":[{"href":"https:\/\/etssa.edu.ba\/index.php?rest_route=\/wp\/v2\/types\/page"}],"author":[{"embeddable":true,"href":"https:\/\/etssa.edu.ba\/index.php?rest_route=\/wp\/v2\/users\/1"}],"replies":[{"embeddable":true,"href":"https:\/\/etssa.edu.ba\/index.php?rest_route=%2Fwp%2Fv2%2Fcomments&post=6858"}],"version-history":[{"count":6,"href":"https:\/\/etssa.edu.ba\/index.php?rest_route=\/wp\/v2\/pages\/6858\/revisions"}],"predecessor-version":[{"id":7313,"href":"https:\/\/etssa.edu.ba\/index.php?rest_route=\/wp\/v2\/pages\/6858\/revisions\/7313"}],"wp:attachment":[{"href":"https:\/\/etssa.edu.ba\/index.php?rest_route=%2Fwp%2Fv2%2Fmedia&parent=6858"}],"curies":[{"name":"wp","href":"https:\/\/api.w.org\/{rel}","templated":true}]}}