{"id":7328,"date":"2026-03-09T10:52:24","date_gmt":"2026-03-09T10:52:24","guid":{"rendered":"https:\/\/etssa.edu.ba\/?page_id=7328"},"modified":"2026-03-09T10:52:24","modified_gmt":"2026-03-09T10:52:24","slug":"nastavni-plan-i-program","status":"publish","type":"page","link":"https:\/\/etssa.edu.ba\/?page_id=7328","title":{"rendered":"Nastavni plan i program"},"content":{"rendered":"<p style=\"text-align: center;\"><strong><a href=\"https:\/\/etssa.edu.ba\/wp-content\/uploads\/2026\/03\/Elektrotehnicar-energetike-IV-stepen-1.pdf\">Elektrotehni\u010dar energetike IV stepen<\/a><\/strong><\/p>\n<p style=\"text-align: center;\"><strong><a href=\"https:\/\/etssa.edu.ba\/wp-content\/uploads\/2026\/03\/Elektromehanicar-III-stepen.pdf\">Elektromehani\u010dar &#8211; III stepen<\/a><\/strong><\/p>\n<p style=\"text-align: center;\"><strong><a href=\"https:\/\/etssa.edu.ba\/wp-content\/uploads\/2026\/03\/Elektroenergeticar-III-stepen.pdf\">Elektroenergeti\u010dar-III stepen<\/a><\/strong><\/p>\n<p style=\"text-align: center;\"><strong><a href=\"https:\/\/etssa.edu.ba\/wp-content\/uploads\/2026\/03\/Eektroinstalater-III-stepen.pdf\">Eektroinstalater &#8211; III stepen<\/a><\/strong><\/p>\n","protected":false},"excerpt":{"rendered":"<p>Elektrotehni\u010dar energetike IV stepen Elektromehani\u010dar &#8211; III stepen Elektroenergeti\u010dar-III stepen Eektroinstalater &#8211; III stepen<\/p>\n","protected":false},"author":1,"featured_media":0,"parent":0,"menu_order":0,"comment_status":"closed","ping_status":"closed","template":"","meta":{"footnotes":""},"_links":{"self":[{"href":"https:\/\/etssa.edu.ba\/index.php?rest_route=\/wp\/v2\/pages\/7328"}],"collection":[{"href":"https:\/\/etssa.edu.ba\/index.php?rest_route=\/wp\/v2\/pages"}],"about":[{"href":"https:\/\/etssa.edu.ba\/index.php?rest_route=\/wp\/v2\/types\/page"}],"author":[{"embeddable":true,"href":"https:\/\/etssa.edu.ba\/index.php?rest_route=\/wp\/v2\/users\/1"}],"replies":[{"embeddable":true,"href":"https:\/\/etssa.edu.ba\/index.php?rest_route=%2Fwp%2Fv2%2Fcomments&post=7328"}],"version-history":[{"count":1,"href":"https:\/\/etssa.edu.ba\/index.php?rest_route=\/wp\/v2\/pages\/7328\/revisions"}],"predecessor-version":[{"id":7331,"href":"https:\/\/etssa.edu.ba\/index.php?rest_route=\/wp\/v2\/pages\/7328\/revisions\/7331"}],"wp:attachment":[{"href":"https:\/\/etssa.edu.ba\/index.php?rest_route=%2Fwp%2Fv2%2Fmedia&parent=7328"}],"curies":[{"name":"wp","href":"https:\/\/api.w.org\/{rel}","templated":true}]}}